{"id":868,"date":"2023-08-31T10:54:18","date_gmt":"2023-08-31T14:54:18","guid":{"rendered":"https:\/\/clintonave.mycorphs.com\/?page_id=868"},"modified":"2023-08-31T11:14:28","modified_gmt":"2023-08-31T15:14:28","slug":"declaracion-de-fe","status":"publish","type":"page","link":"https:\/\/clintonave.mycorphs.com\/index.php\/declaracion-de-fe\/","title":{"rendered":"Declaracion de Fe"},"content":{"rendered":"\t\t<div data-elementor-type=\"wp-page\" data-elementor-id=\"868\" class=\"elementor elementor-868\" data-elementor-post-type=\"page\">\n\t\t\t\t\t\t<section class=\"elementor-section elementor-top-section elementor-element elementor-element-444ea40 elementor-section-boxed elementor-section-height-default elementor-section-height-default\" data-id=\"444ea40\" data-element_type=\"section\">\n\t\t\t\t\t\t<div class=\"elementor-container elementor-column-gap-default\">\n\t\t\t\t\t<div class=\"elementor-column elementor-col-100 elementor-top-column elementor-element elementor-element-ae1dd47\" data-id=\"ae1dd47\" data-element_type=\"column\">\n\t\t\t<div class=\"elementor-widget-wrap elementor-element-populated\">\n\t\t\t\t\t\t<div class=\"elementor-element elementor-element-d2639d4 elementor-widget elementor-widget-text-editor\" data-id=\"d2639d4\" data-element_type=\"widget\" data-widget_type=\"text-editor.default\">\n\t\t\t\t<div class=\"elementor-widget-container\">\n\t\t\t<style>\/*! elementor - v3.19.0 - 07-02-2024 *\/\n.elementor-widget-text-editor.elementor-drop-cap-view-stacked .elementor-drop-cap{background-color:#69727d;color:#fff}.elementor-widget-text-editor.elementor-drop-cap-view-framed .elementor-drop-cap{color:#69727d;border:3px solid;background-color:transparent}.elementor-widget-text-editor:not(.elementor-drop-cap-view-default) .elementor-drop-cap{margin-top:8px}.elementor-widget-text-editor:not(.elementor-drop-cap-view-default) .elementor-drop-cap-letter{width:1em;height:1em}.elementor-widget-text-editor .elementor-drop-cap{float:left;text-align:center;line-height:1;font-size:50px}.elementor-widget-text-editor .elementor-drop-cap-letter{display:inline-block}<\/style>\t\t\t\t<p><img fetchpriority=\"high\" decoding=\"async\" class=\"size-medium wp-image-789 aligncenter\" src=\"https:\/\/clintonave.mycorphs.com\/wp-content\/uploads\/2023\/08\/Faith-Pic-300x200.jpg\" alt=\"\" width=\"300\" height=\"200\" srcset=\"https:\/\/clintonave.mycorphs.com\/wp-content\/uploads\/2023\/08\/Faith-Pic-300x200.jpg 300w, https:\/\/clintonave.mycorphs.com\/wp-content\/uploads\/2023\/08\/Faith-Pic.jpg 669w\" sizes=\"(max-width: 300px) 100vw, 300px\" \/><\/p><p style=\"text-align: center;\"><span style=\"font-size: 18pt;\"><strong>Declaraciones Conjuntas<\/strong><\/span><\/p><p style=\"text-align: center;\"><span style=\"font-size: 18pt;\"><strong>de Fe de la Iglesia Reformada<\/strong><\/span><\/p><p style=\"text-align: center;\"><span style=\"font-size: 18pt;\"><strong>Avenida Clinton y<\/strong><\/span><\/p><p style=\"text-align: center;\"><span style=\"font-size: 18pt;\"><strong>El Ministerio &#8220;Nueva Vida en Cristo&#8221;<\/strong><\/span><\/p><p><strong>\u00a0<\/strong><strong>\u00a0<\/strong><\/p><p style=\"text-align: center;\"><strong><span style=\"font-size: 24pt;\">Una Nueva Vida en Cristo<\/span><\/strong><\/p><p style=\"text-align: center;\"><strong><span style=\"font-size: 24pt;\">Basada en Cuatro Pilares B\u00edblicos<\/span><\/strong><\/p><p style=\"text-align: center;\"><span style=\"font-size: 24pt;\"><strong>Pilar 1\u00a0\u00a0\u00a0\u00a0\u00a0\u00a0\u00a0\u00a0\u00a0 \u00a0Mateo 11:28-30 \u201cEl Llamado\u201d<\/strong><\/span><\/p><p style=\"text-align: center;\"><span style=\"font-size: 14pt;\"><strong>\u00a0<\/strong><\/span><\/p><p style=\"text-align: center;\"><span style=\"font-size: 14pt;\">28 \u201cVengan a m\u00ed, todos los que est\u00e1n fatigados y cargados,<\/span><\/p><p style=\"text-align: center;\"><span style=\"font-size: 14pt;\">y yo los har\u00e9 descansar<strong>.<\/strong><\/span><\/p><p style=\"text-align: center;\"><span style=\"font-size: 14pt;\"><strong>\u00a0<\/strong><\/span><\/p><p style=\"text-align: center;\"><span style=\"font-size: 14pt;\">29 Lleven mi yugo sobre ustedes, y aprendan de m\u00ed, que soy manso y<\/span><\/p><p style=\"text-align: center;\"><span style=\"font-size: 14pt;\">humilde de coraz\u00f3n, y hallar\u00e1n descanso para su alma.<\/span><\/p><p style=\"text-align: center;\"><span style=\"font-size: 14pt;\">30 Porque mi yugo es f\u00e1cil, y ligera mi carga\u201d<br \/><br \/><\/span><\/p><p style=\"text-align: center;\"><span style=\"font-size: 24pt;\"><strong>Pilar 2\u00a0\u00a0\u00a0\u00a0\u00a0\u00a0\u00a0\u00a0\u00a0 \u00a02 Corintios 5:17 \u201cUna Nueva Creaci\u00f3n\u201d<\/strong><\/span><\/p><p style=\"text-align: center;\"><span style=\"font-size: 14pt;\"><strong>\u00a0<\/strong><\/span><\/p><p style=\"text-align: center;\"><span style=\"font-size: 14pt;\">17 \u201cDe modo que si alguno est\u00e1 en Cristo, nueva criatura es; las cosas viejas pasaron; he aqu\u00ed todas son hechas nuevas\u201d<\/span><\/p><p style=\"text-align: center;\"><span style=\"font-size: 24pt;\"><strong>Pilar 3\u00a0\u00a0\u00a0\u00a0\u00a0\u00a0\u00a0\u00a0\u00a0 \u00a0Mateo 22:37-39 \u201cEl Gran Mandamiento\u201d<br \/><br \/><\/strong><\/span><\/p><p style=\"text-align: center;\"><span style=\"font-size: 14pt;\"><strong><sup>37\u00a0\u201c<\/sup><\/strong>Jes\u00fas le dijo: Amar\u00e1s al Se\u00f1or tu Dios con todo tu<\/span><\/p><p style=\"text-align: center;\"><span style=\"font-size: 14pt;\">coraz\u00f3n y con toda tu alma\u00a0y con toda tu mente.<\/span><\/p><p style=\"text-align: center;\"><span style=\"font-size: 14pt;\"><strong><sup>38\u00a0<\/sup><\/strong>Este es el grande y el primer mandamiento.<\/span><\/p><p style=\"text-align: center;\"><span style=\"font-size: 14pt;\"><strong><sup>39\u00a0<\/sup><\/strong>Y el segundo es semejante a \u00e9l: Amar\u00e1s a tu pr\u00f3jimo como a ti mismo\u201d<\/span><\/p><p style=\"text-align: center;\"><span style=\"font-size: 24pt;\"><strong>Pilar 4\u00a0\u00a0\u00a0\u00a0\u00a0\u00a0\u00a0\u00a0\u00a0 Mateo 28:18-20 \u201cLa Gran Comisi\u00f3n\u201d<br \/><br \/><\/strong><\/span><\/p><p style=\"text-align: center;\"><span style=\"font-size: 14pt;\"><strong><sup>18\u00a0<\/sup><\/strong>Jes\u00fas se acerc\u00f3 a ellos y les habl\u00f3 diciendo: \u201cToda autoridad me ha sido dada en el cielo y en la tierra.\u00a0<\/span><\/p><p style=\"text-align: center;\"><span style=\"font-size: 14pt;\"><strong><sup>19\u00a0<\/sup><\/strong>Por tanto, vayan y hagan disc\u00edpulos de todas las naciones, bautiz\u00e1ndolos en el nombre del Padre, del Hijo y del Esp\u00edritu Santo,\u00a0<\/span><\/p><p style=\"text-align: center;\"><span style=\"font-size: 14pt;\"><strong><sup>20\u00a0<\/sup><\/strong>y ense\u00f1\u00e1ndoles que guarden todas las cosas que les he mandado. Y he aqu\u00ed, yo estoy con ustedes todos los d\u00edas, hasta el fin del mundo\u201d<\/span><\/p><p style=\"text-align: center;\"><span style=\"font-size: 14pt;\">\u00a0\u00a0\u00a0\u00a0\u00a0\u00a0\u00a0\u00a0\u00a0\u00a0\u00a0\u00a0\u00a0\u00a0\u00a0\u00a0\u00a0\u00a0\u00a0\u00a0\u00a0\u00a0\u00a0\u00a0\u00a0\u00a0\u00a0\u00a0\u00a0\u00a0\u00a0\u00a0\u00a0\u00a0\u00a0\u00a0\u00a0\u00a0\u00a0\u00a0\u00a0\u00a0\u00a0\u00a0\u00a0\u00a0\u00a0\u00a0\u00a0\u00a0\u00a0\u00a0\u00a0\u00a0\u00a0\u00a0\u00a0\u00a0\u00a0\u00a0\u00a0\u00a0\u00a0\u00a0\u00a0\u00a0\u00a0\u00a0\u00a0\u00a0\u00a0 (RVA-2015)<\/span><\/p><p style=\"text-align: left;\"><span style=\"font-size: 14pt;\">El Consistorio de la Iglesia Reformada Avenida Clinton (CARC, por sus siglas en ingl\u00e9s) y todos los miembros y aquellos que est\u00e1n afiliados a la congregaci\u00f3n, hacemos la siguiente declaraci\u00f3n de fe y afirmamos que:<\/span><\/p><p style=\"text-align: left;\"><span style=\"font-size: 14pt;\">Construimos y continuamos hasta el d\u00eda de hoy con las doctrinas de nuestros ancianos y aquellos que nos precedieron al comenzar nuestra congregaci\u00f3n, quienes nos ense\u00f1aron a aceptar a todos los creyentes, a todos los curiosos y a todos los visitantes. Reafirmamos nuestra creencia y fe en Jesucristo y el amor que tenemos por todas nuestras hermanas y hermanos en Cristo. Tomamos el compromiso del verdadero compa\u00f1erismo cristiano y la amistad como una aceptaci\u00f3n sincera y abierta de todos los hijos de Dios.<\/span><\/p><p style=\"text-align: left;\"><span style=\"font-size: 14pt;\">Todos son bienvenidos a la Iglesia de Cristo aqu\u00ed en la Iglesia Reformada de la Avenida Clinton y disfrutamos de la diversidad de edad, g\u00e9nero, etnia y los diversos antecedentes religiosos de nuestros miembros y amigos.<\/span><\/p><p style=\"text-align: left;\"><span style=\"font-size: 14pt;\">No importa cual sea su nivel de fe, es bienvenido a \u201cClinton Avenue Reform Church\u201d. Si desea discutir y compartir sus inquietudes, todas las personas est\u00e1n invitadas. Si est\u00e1 m\u00e1s avanzado en su nivel de fe, puede venir y darnos su testimonio para edificaci\u00f3n de todos.<\/span><\/p><p style=\"text-align: left;\"><span style=\"font-size: 14pt;\">Damos la bienvenida a personas de todas las edades, razas, color de piel y nacionalidad. Damos la bienvenida a personas con todos sus talentos, habilidades y dificultades. Damos la bienvenida a personas de todos los g\u00e9neros. Fuimos formados como una iglesia amistosa y seguimos si\u00e9ndolo y estamos comprometidos a mantener nuestra pol\u00edtica de aceptaci\u00f3n ya que creemos que todos somos hijos de Dios, y todos son bienvenidos a la mesa de Dios.<\/span><\/p><p style=\"text-align: left;\">\u00a0<\/p>\t\t\t\t\t\t<\/div>\n\t\t\t\t<\/div>\n\t\t\t\t\t<\/div>\n\t\t<\/div>\n\t\t\t\t\t<\/div>\n\t\t<\/section>\n\t\t\t\t<\/div>\n\t\t","protected":false},"excerpt":{"rendered":"<p>Declaraciones Conjuntas de Fe de la Iglesia Reformada Avenida Clinton y El Ministerio &#8220;Nueva Vida en Cristo&#8221; \u00a0\u00a0 Una Nueva Vida en Cristo Basada en Cuatro Pilares B\u00edblicos Pilar 1\u00a0\u00a0\u00a0\u00a0\u00a0\u00a0\u00a0\u00a0\u00a0 \u00a0Mateo 11:28-30 \u201cEl Llamado\u201d \u00a0 28 \u201cVengan a m\u00ed, todos los que est\u00e1n fatigados y cargados, y yo los har\u00e9 descansar. \u00a0 29 Lleven mi [&hellip;]<\/p>\n","protected":false},"author":1,"featured_media":0,"parent":0,"menu_order":0,"comment_status":"closed","ping_status":"closed","template":"","meta":{"footnotes":""},"class_list":["post-868","page","type-page","status-publish","hentry"],"_links":{"self":[{"href":"https:\/\/clintonave.mycorphs.com\/index.php\/wp-json\/wp\/v2\/pages\/868","targetHints":{"allow":["GET"]}}],"collection":[{"href":"https:\/\/clintonave.mycorphs.com\/index.php\/wp-json\/wp\/v2\/pages"}],"about":[{"href":"https:\/\/clintonave.mycorphs.com\/index.php\/wp-json\/wp\/v2\/types\/page"}],"author":[{"embeddable":true,"href":"https:\/\/clintonave.mycorphs.com\/index.php\/wp-json\/wp\/v2\/users\/1"}],"replies":[{"embeddable":true,"href":"https:\/\/clintonave.mycorphs.com\/index.php\/wp-json\/wp\/v2\/comments?post=868"}],"version-history":[{"count":16,"href":"https:\/\/clintonave.mycorphs.com\/index.php\/wp-json\/wp\/v2\/pages\/868\/revisions"}],"predecessor-version":[{"id":896,"href":"https:\/\/clintonave.mycorphs.com\/index.php\/wp-json\/wp\/v2\/pages\/868\/revisions\/896"}],"wp:attachment":[{"href":"https:\/\/clintonave.mycorphs.com\/index.php\/wp-json\/wp\/v2\/media?parent=868"}],"curies":[{"name":"wp","href":"https:\/\/api.w.org\/{rel}","templated":true}]}}