{"id":203,"date":"2023-05-21T03:12:39","date_gmt":"2023-05-21T03:12:39","guid":{"rendered":"https:\/\/clintonave.mycorphs.com\/?page_id=203"},"modified":"2023-07-15T11:43:00","modified_gmt":"2023-07-15T15:43:00","slug":"sobre-nosotros","status":"publish","type":"page","link":"https:\/\/clintonave.mycorphs.com\/index.php\/sobre-nosotros\/","title":{"rendered":"Sobre Nosotros"},"content":{"rendered":"\t\t<div data-elementor-type=\"wp-page\" data-elementor-id=\"203\" class=\"elementor elementor-203\" data-elementor-post-type=\"page\">\n\t\t\t\t\t\t<section class=\"elementor-section elementor-top-section elementor-element elementor-element-5920230f elementor-section-boxed elementor-section-height-default elementor-section-height-default\" data-id=\"5920230f\" data-element_type=\"section\">\n\t\t\t\t\t\t<div class=\"elementor-container elementor-column-gap-default\">\n\t\t\t\t\t<div class=\"elementor-column elementor-col-100 elementor-top-column elementor-element elementor-element-251cacc5\" data-id=\"251cacc5\" data-element_type=\"column\">\n\t\t\t<div class=\"elementor-widget-wrap elementor-element-populated\">\n\t\t\t\t\t\t<div class=\"elementor-element elementor-element-23722f84 elementor-widget elementor-widget-text-editor\" data-id=\"23722f84\" data-element_type=\"widget\" data-widget_type=\"text-editor.default\">\n\t\t\t\t<div class=\"elementor-widget-container\">\n\t\t\t<style>\/*! elementor - v3.19.0 - 07-02-2024 *\/\n.elementor-widget-text-editor.elementor-drop-cap-view-stacked .elementor-drop-cap{background-color:#69727d;color:#fff}.elementor-widget-text-editor.elementor-drop-cap-view-framed .elementor-drop-cap{color:#69727d;border:3px solid;background-color:transparent}.elementor-widget-text-editor:not(.elementor-drop-cap-view-default) .elementor-drop-cap{margin-top:8px}.elementor-widget-text-editor:not(.elementor-drop-cap-view-default) .elementor-drop-cap-letter{width:1em;height:1em}.elementor-widget-text-editor .elementor-drop-cap{float:left;text-align:center;line-height:1;font-size:50px}.elementor-widget-text-editor .elementor-drop-cap-letter{display:inline-block}<\/style>\t\t\t\t<p><span style=\"font-family: arial, helvetica, sans-serif;\"><!-- wp:preformatted --><\/span><\/p>\n<p><span style=\"font-family: arial, helvetica, sans-serif; font-size: 12pt;\"><img fetchpriority=\"high\" decoding=\"async\" class=\"size-medium wp-image-722 alignleft\" src=\"https:\/\/clintonave.mycorphs.com\/wp-content\/uploads\/2023\/07\/Ivan-Gil-225x300.jpg\" alt=\"\" width=\"225\" height=\"300\" srcset=\"https:\/\/clintonave.mycorphs.com\/wp-content\/uploads\/2023\/07\/Ivan-Gil-225x300.jpg 225w, https:\/\/clintonave.mycorphs.com\/wp-content\/uploads\/2023\/07\/Ivan-Gil-768x1024.jpg 768w, https:\/\/clintonave.mycorphs.com\/wp-content\/uploads\/2023\/07\/Ivan-Gil-1152x1536.jpg 1152w, https:\/\/clintonave.mycorphs.com\/wp-content\/uploads\/2023\/07\/Ivan-Gil-1536x2048.jpg 1536w, https:\/\/clintonave.mycorphs.com\/wp-content\/uploads\/2023\/07\/Ivan-Gil-scaled.jpg 1920w\" sizes=\"(max-width: 225px) 100vw, 225px\" \/>Autobiograf\u00eda Cristiana<\/span><\/p>\n<p><span style=\"font-family: arial, helvetica, sans-serif; font-size: 12pt;\">Ivan Gil<\/span><\/p>\n<p><span style=\"font-family: arial, helvetica, sans-serif; font-size: 12pt;\">06.27.2023<\/span><\/p>\n<p><span style=\"font-family: arial, helvetica, sans-serif; font-size: 12pt;\">Mi origen religioso fue cat\u00f3lico romano. Mis padres, especialmente mi madre me inculc\u00f3 la doctrina de la religi\u00f3n desde que era ni\u00f1o. Hacia el a\u00f1o 1998 di el paso hacia el Evangelio. Empec\u00e9 este nuevo caminar en Cristo en Bogot\u00e1, Colombia. Donde fui discipulado en Cristo y en la Biblia. En el a\u00f1o 2000 vine a los Estados Unidos y desde entonces vivo en la ciudad de Hackensack, NJ. Fui bautizado en agua por inmersi\u00f3n en la iglesia \u201cEl Calvario de Hackensack\u201d. Mi caminar en el cristianismo ha sido impactado por hombres y mujeres de fe que me han ense\u00f1ado la Biblia. Debido a los talentos y dones que el Se\u00f1or me ha dado, pude iniciarme como maestro de escuela dominical, como predicador y sirviendo de manera voluntaria en la direcci\u00f3n y coordinaci\u00f3n de misiones, educaci\u00f3n y discipulado en varias congregaciones de la zona.<\/span><\/p>\n<p><span style=\"font-family: arial, helvetica, sans-serif; font-size: 12pt;\">Desde que llegu\u00e9 a los Estados Unidos siempre tuve la inquietud de estudiar la Palabra de Dios. Le\u00eda mucho por mi cuenta y un d\u00eda descubr\u00ed que pod\u00eda tomar cursos en l\u00ednea en una instituci\u00f3n llamada Facultad Latinoamericana de Estudios Teol\u00f3gicos (FLET, por sus siglas en espa\u00f1ol). Hasta que en el 2016 me contact\u00f3 Indiana Wesleyan University, y me ofrecieron hacer la licenciatura que pude terminar gracias a la consecuci\u00f3n de una beca, y para el 2020 ya me hab\u00eda graduado de Bachelor of Arts, en Estudios Teol\u00f3gicos con especializaci\u00f3n en \u201cConsejer\u00eda Pastoral\u201d. Ese mismo a\u00f1o 2020 inici\u00e9 la Maestr\u00eda en Divinidades, con una beca del Seminario Wesley. Actualmente estoy terminando mi tercer a\u00f1o y recientemente fui designado por la junta directiva del Seminario Wesley, como embajador (representante estudiantil) de mi clase (cohorte 2020).<\/span><\/p>\n<p><span style=\"font-family: arial, helvetica, sans-serif; font-size: 12pt;\">Ahora la oportunidad de servir al Se\u00f1or se ha presentado a trav\u00e9s de un proyecto de plantaci\u00f3n de un Ministerio Hispano en la \u201ciglesia Reformada de la Avenida Clinton\u201d en Bergenfield, New Jersey. Aunque es un gran desaf\u00edo, siento que es un llamado de Dios para trabajar y servir en la extensi\u00f3n de Su Reino y de Su reinado aqu\u00ed en la tierra.<\/span><\/p>\n<p><span style=\"font-family: arial, helvetica, sans-serif; font-size: 12pt;\">Esposa: Gloria Mar\u00eda. Llevamos 43 a\u00f1os de matrimonio<\/span><\/p>\n<p><span style=\"font-family: arial, helvetica, sans-serif; font-size: 12pt;\">Hijos: Daniel y M\u00f3nica<\/span><\/p>\n<p><span style=\"font-family: arial, helvetica, sans-serif; font-size: 12pt;\">Nieto: Jacob<\/span><\/p>\n<p>\u00a0<\/p>\n<p>\u00a0<\/p>\n<pre id=\"tw-target-text-masculine\" class=\"wp-block-preformatted\">\u00a0<\/pre>\n<p><span style=\"font-family: arial, helvetica, sans-serif;\"><!-- \/wp:preformatted --><\/span><\/p>\t\t\t\t\t\t<\/div>\n\t\t\t\t<\/div>\n\t\t\t\t\t<\/div>\n\t\t<\/div>\n\t\t\t\t\t<\/div>\n\t\t<\/section>\n\t\t\t\t<section class=\"elementor-section elementor-top-section elementor-element elementor-element-6577724 elementor-section-boxed elementor-section-height-default elementor-section-height-default\" data-id=\"6577724\" data-element_type=\"section\">\n\t\t\t\t\t\t<div class=\"elementor-container elementor-column-gap-default\">\n\t\t\t\t\t<div class=\"elementor-column elementor-col-100 elementor-top-column elementor-element elementor-element-5376e6b\" data-id=\"5376e6b\" data-element_type=\"column\">\n\t\t\t<div class=\"elementor-widget-wrap elementor-element-populated\">\n\t\t\t\t\t\t<div class=\"elementor-element elementor-element-0da4e8a elementor-widget elementor-widget-text-editor\" data-id=\"0da4e8a\" data-element_type=\"widget\" data-widget_type=\"text-editor.default\">\n\t\t\t\t<div class=\"elementor-widget-container\">\n\t\t\t\t\t\t\t<p><strong>ENGLISH\u00a0<\/strong><\/p>\n<p>Christian Autobiography<\/p>\n<p>Ivan Gil<\/p>\n<p>06.27.2023<\/p>\n<p>My religious background was Roman Catholic. My parents, especially my mother, instilled in me the doctrine of religion since I was a child. Around the year 1998 I took the step towards the Gospel. I started this new walk in Christ in Bogot\u00e1, Colombia, where I was discipled in Christ and in the Bible. In the year 2000 I came to the United States and since then I have lived in the city of Hackensack, NJ. I was baptized in water by immersion in the church &#8220;El Calvario de Hackensack&#8221;. My walk in Christianity has been impacted by men and women of faith who have taught me the Bible. Due to the talents and gifts that the Lord has given me, I was able to start as a Sunday school teacher, as a preacher and serving voluntarily in the direction and coordination of missions, education, and discipleship in various congregations in the area.<\/p>\n<p>\u00a0<\/p>\n<p>Since I arrived in the United States, I always had the concern to study the Word of God. I read a lot on my own and one day I discovered that I could take online courses at an institution called the Latin American Faculty of Theological Studies (FLET, for its acronym in Spanish). Until Indiana Wesleyan University contacted me in 2016, and they offered me to do a bachelor&#8217;s degree that I was able to finish thanks obtaining a scholarship, and by 2020 I had already graduated with a Bachelor of Arts, in Theological Studies with a specialization in &#8220;Pastoral Counseling.&#8221;. That same year, 2020, I started the Master of Divinity, with a scholarship from the Wesley Seminary. I am currently finishing my third year and was recently appointed by the Wesley Seminary board of trustees, as an ambassador (student representative) for my class (2020 cohort).<\/p>\n<p>\u00a0<\/p>\n<p>Now the opportunity to serve the Lord has presented itself through a Hispanic Ministry planting project at \u201cClinton Avenue Reformed Church\u201d in Bergenfield, New Jersey. Although it is a great challenge, I feel that it is a call from God to work and serve in the extension of His Kingdom and His reign here on earth.<\/p>\n<p>\u00a0<\/p>\n<p>Wife: Gloria Maria. We have been married for 43 years.<\/p>\n<p>Children: Daniel and Monica<\/p>\n<p>Grandson: Jacob<\/p>\n<p>\u00a0<\/p>\t\t\t\t\t\t<\/div>\n\t\t\t\t<\/div>\n\t\t\t\t\t<\/div>\n\t\t<\/div>\n\t\t\t\t\t<\/div>\n\t\t<\/section>\n\t\t\t\t<\/div>\n\t\t","protected":false},"excerpt":{"rendered":"<p>Autobiograf\u00eda Cristiana Ivan Gil 06.27.2023 Mi origen religioso fue cat\u00f3lico romano. Mis padres, especialmente mi madre me inculc\u00f3 la doctrina de la religi\u00f3n desde que era ni\u00f1o. Hacia el a\u00f1o 1998 di el paso hacia el Evangelio. Empec\u00e9 este nuevo caminar en Cristo en Bogot\u00e1, Colombia. Donde fui discipulado en Cristo y en la Biblia. [&hellip;]<\/p>\n","protected":false},"author":1,"featured_media":0,"parent":0,"menu_order":0,"comment_status":"closed","ping_status":"closed","template":"","meta":{"footnotes":""},"class_list":["post-203","page","type-page","status-publish","hentry"],"_links":{"self":[{"href":"https:\/\/clintonave.mycorphs.com\/index.php\/wp-json\/wp\/v2\/pages\/203","targetHints":{"allow":["GET"]}}],"collection":[{"href":"https:\/\/clintonave.mycorphs.com\/index.php\/wp-json\/wp\/v2\/pages"}],"about":[{"href":"https:\/\/clintonave.mycorphs.com\/index.php\/wp-json\/wp\/v2\/types\/page"}],"author":[{"embeddable":true,"href":"https:\/\/clintonave.mycorphs.com\/index.php\/wp-json\/wp\/v2\/users\/1"}],"replies":[{"embeddable":true,"href":"https:\/\/clintonave.mycorphs.com\/index.php\/wp-json\/wp\/v2\/comments?post=203"}],"version-history":[{"count":19,"href":"https:\/\/clintonave.mycorphs.com\/index.php\/wp-json\/wp\/v2\/pages\/203\/revisions"}],"predecessor-version":[{"id":747,"href":"https:\/\/clintonave.mycorphs.com\/index.php\/wp-json\/wp\/v2\/pages\/203\/revisions\/747"}],"wp:attachment":[{"href":"https:\/\/clintonave.mycorphs.com\/index.php\/wp-json\/wp\/v2\/media?parent=203"}],"curies":[{"name":"wp","href":"https:\/\/api.w.org\/{rel}","templated":true}]}}